{"id":1740,"date":"2023-06-26T14:50:38","date_gmt":"2023-06-26T14:50:38","guid":{"rendered":"https:\/\/youndigital.com\/?page_id=1740"},"modified":"2024-06-28T15:44:37","modified_gmt":"2024-06-28T15:44:37","slug":"investigacao","status":"publish","type":"page","link":"https:\/\/youndigital.com\/index.php\/investigacao\/","title":{"rendered":"Investiga\u00e7\u00e3o"},"content":{"rendered":"\t\t<div data-elementor-type=\"wp-page\" data-elementor-id=\"1740\" class=\"elementor elementor-1740\" data-elementor-settings=\"{&quot;ha_cmc_init_switcher&quot;:&quot;no&quot;}\">\n\t\t\t\t\t\t<section class=\"elementor-section elementor-top-section elementor-element elementor-element-2a86923 elementor-section-boxed elementor-section-height-default elementor-section-height-default\" data-id=\"2a86923\" data-element_type=\"section\" data-settings=\"{&quot;_ha_eqh_enable&quot;:false}\">\n\t\t\t\t\t\t<div class=\"elementor-container elementor-column-gap-default\">\n\t\t\t\t\t<div class=\"elementor-column elementor-col-100 elementor-top-column elementor-element elementor-element-dfd0608\" data-id=\"dfd0608\" data-element_type=\"column\">\n\t\t\t<div class=\"elementor-widget-wrap elementor-element-populated\">\n\t\t\t\t\t\t<div class=\"elementor-element elementor-element-cc40b26 elementor-widget elementor-widget-menu-anchor\" data-id=\"cc40b26\" data-element_type=\"widget\" data-widget_type=\"menu-anchor.default\">\n\t\t\t\t<div class=\"elementor-widget-container\">\n\t\t\t\t\t\t\t<div class=\"elementor-menu-anchor\" id=\"projeto\"><\/div>\n\t\t\t\t\t\t<\/div>\n\t\t\t\t<\/div>\n\t\t\t\t\t<\/div>\n\t\t<\/div>\n\t\t\t\t\t<\/div>\n\t\t<\/section>\n\t\t\t\t<section class=\"elementor-section elementor-top-section elementor-element elementor-element-22b45da elementor-section-boxed elementor-section-height-default elementor-section-height-default\" data-id=\"22b45da\" data-element_type=\"section\" data-settings=\"{&quot;_ha_eqh_enable&quot;:false}\">\n\t\t\t\t\t\t<div class=\"elementor-container elementor-column-gap-default\">\n\t\t\t\t\t<div class=\"elementor-column elementor-col-100 elementor-top-column elementor-element elementor-element-f803573\" data-id=\"f803573\" data-element_type=\"column\">\n\t\t\t<div class=\"elementor-widget-wrap elementor-element-populated\">\n\t\t\t\t\t\t<div class=\"elementor-element elementor-element-4e9fd0c elementor-widget elementor-widget-spacer\" data-id=\"4e9fd0c\" data-element_type=\"widget\" data-widget_type=\"spacer.default\">\n\t\t\t\t<div class=\"elementor-widget-container\">\n\t\t\t\t\t\t\t<div class=\"elementor-spacer\">\n\t\t\t<div class=\"elementor-spacer-inner\"><\/div>\n\t\t<\/div>\n\t\t\t\t\t\t<\/div>\n\t\t\t\t<\/div>\n\t\t\t\t\t<\/div>\n\t\t<\/div>\n\t\t\t\t\t<\/div>\n\t\t<\/section>\n\t\t\t\t<section class=\"elementor-section elementor-top-section elementor-element elementor-element-ba1dfa8 elementor-section-boxed elementor-section-height-default elementor-section-height-default\" data-id=\"ba1dfa8\" data-element_type=\"section\" data-settings=\"{&quot;_ha_eqh_enable&quot;:false}\">\n\t\t\t\t\t\t<div class=\"elementor-container elementor-column-gap-default\">\n\t\t\t\t\t<div class=\"elementor-column elementor-col-33 elementor-top-column elementor-element elementor-element-3ef3691\" data-id=\"3ef3691\" data-element_type=\"column\">\n\t\t\t<div class=\"elementor-widget-wrap elementor-element-populated\">\n\t\t\t\t\t\t<div class=\"elementor-element elementor-element-6433441 elementor-widget elementor-widget-text-editor\" data-id=\"6433441\" data-element_type=\"widget\" data-widget_type=\"text-editor.default\">\n\t\t\t\t<div class=\"elementor-widget-container\">\n\t\t\t\t\t\t\t\t\t<p>Base de dados<br \/>de literatura<\/p>\t\t\t\t\t\t\t\t<\/div>\n\t\t\t\t<\/div>\n\t\t\t\t\t<\/div>\n\t\t<\/div>\n\t\t\t\t<div class=\"elementor-column elementor-col-33 elementor-top-column elementor-element elementor-element-af693f6\" data-id=\"af693f6\" data-element_type=\"column\">\n\t\t\t<div class=\"elementor-widget-wrap elementor-element-populated\">\n\t\t\t\t\t\t<div class=\"elementor-element elementor-element-e4a6831 elementor-widget elementor-widget-text-editor\" data-id=\"e4a6831\" data-element_type=\"widget\" data-widget_type=\"text-editor.default\">\n\t\t\t\t<div class=\"elementor-widget-container\">\n\t\t\t\t\t\t\t\t\t<span style=\"font-size: 18.6667px;\">O relat\u00f3rio resultante desta fase encontra-se dispon\u00edvel <span style=\"text-decoration: underline;\"><a href=\"https:\/\/drive.google.com\/file\/d\/1JodRcmcZXUm99Kj3rF6Mxg0lOELPq3NF\/view\" target=\"_blank\" rel=\"noopener\"><span style=\"color: #000000; text-decoration: underline; text-decoration-color: #00ff00;\">em portugu\u00eas<\/span><\/a><\/span>. The report resulting from this phase is available <a href=\"https:\/\/drive.google.com\/file\/d\/1giI7yAbedP4wDBJ8yebXOpEEaVgcq1uu\/view\" target=\"_blank\" rel=\"noopener\"><span style=\"color: #000000; text-decoration: underline; text-decoration-color: #00ff00;\">in english<\/span><\/a>.<\/span>\n<p>\n<p><span style=\"font-size: 18.6667px; letter-spacing: 0px;\">A<\/span><a style=\"font-size: 18.6667px; letter-spacing: 0px; background-color: #ffffff;\" href=\"https:\/\/www.zotero.org\/groups\/5106692\/youth_and_news_publications_2000-\" target=\"_blank\" rel=\"noopener\"><span style=\"color: #000000; text-decoration: underline; text-decoration-color: #00ff00;\"> base de dados YouNDigital <\/span> <\/a><span style=\"font-size: 18.6667px; letter-spacing: 0px;\">\u00a0inclui artigos, cap\u00edtulos de livros, livros, relat\u00f3rios, teses e disserta\u00e7\u00f5es, entre outras publica\u00e7\u00f5es desde 2000 relacionadas com os jovens e as not\u00edcias, estabelecendo tamb\u00e9m liga\u00e7\u00f5es com a cidadania digital.<\/span><\/p>\n<p class=\"p1\"><span class=\"s1\"><span style=\"font-size: 18.6667px;\">Estes documentos foram compilados pelo projeto YouNDigital &#8211; Jovens, Not\u00edcias e Cidadania Digital (PTDC\/COM-OUT\/0243\/2021), no \u00e2mbito da revis\u00e3o de literatura.<\/span><\/span><\/p>\n<p class=\"p1\"><span class=\"s1\"><span style=\"font-size: 18.6667px;\">A nossa base de dados est\u00e1 aberta a novas contribui\u00e7\u00f5es.\u00a0<\/span><span style=\"letter-spacing: 0px;\"><span style=\"font-size: 18.6667px;\">Se tiver alguma publica\u00e7\u00e3o para sugerir, por favor, fa\u00e7a-o <span style=\"text-decoration: underline;\"><a href=\"https:\/\/forms.gle\/FCjJnHSDadGPCwr59\" target=\"_blank\" rel=\"noopener\"><span style=\"color: #000000; text-decoration: underline; text-decoration-color: #00ff00;\">aqui<\/span><\/a><\/span>.\n\n<p><span style=\"font-size: 18.6667px;\">Para manter a identidade da base de dados, a equipa de investiga\u00e7\u00e3o remover\u00e1 novas contribui\u00e7\u00f5es que n\u00e3o estejam focadas em publica\u00e7\u00f5es sobre jovens e not\u00edcias.<\/span><\/span><\/p>\n\n\t\t\t\t\t\t\t\t<\/div>\n\t\t\t\t<\/div>\n\t\t\t\t\t<\/div>\n\t\t<\/div>\n\t\t\t\t<div class=\"elementor-column elementor-col-33 elementor-top-column elementor-element elementor-element-9755216\" data-id=\"9755216\" data-element_type=\"column\">\n\t\t\t<div class=\"elementor-widget-wrap\">\n\t\t\t\t\t\t\t<\/div>\n\t\t<\/div>\n\t\t\t\t\t<\/div>\n\t\t<\/section>\n\t\t\t\t<section class=\"elementor-section elementor-top-section elementor-element elementor-element-e672c50 elementor-section-boxed elementor-section-height-default elementor-section-height-default\" data-id=\"e672c50\" data-element_type=\"section\" data-settings=\"{&quot;_ha_eqh_enable&quot;:false}\">\n\t\t\t\t\t\t<div class=\"elementor-container elementor-column-gap-default\">\n\t\t\t\t\t<div class=\"elementor-column elementor-col-33 elementor-top-column elementor-element elementor-element-feaef03\" data-id=\"feaef03\" data-element_type=\"column\">\n\t\t\t<div class=\"elementor-widget-wrap elementor-element-populated\">\n\t\t\t\t\t\t<div class=\"elementor-element elementor-element-905ddb1 elementor-widget elementor-widget-text-editor\" data-id=\"905ddb1\" data-element_type=\"widget\" data-widget_type=\"text-editor.default\">\n\t\t\t\t<div class=\"elementor-widget-container\">\n\t\t\t\t\t\t\t\t\t<p>Trabalho de campo<\/p>\t\t\t\t\t\t\t\t<\/div>\n\t\t\t\t<\/div>\n\t\t\t\t\t<\/div>\n\t\t<\/div>\n\t\t\t\t<div class=\"elementor-column elementor-col-33 elementor-top-column elementor-element elementor-element-07da2cd\" data-id=\"07da2cd\" data-element_type=\"column\">\n\t\t\t<div class=\"elementor-widget-wrap elementor-element-populated\">\n\t\t\t\t\t\t<div class=\"elementor-element elementor-element-1f85ab1 elementor-widget elementor-widget-text-editor\" data-id=\"1f85ab1\" data-element_type=\"widget\" data-widget_type=\"text-editor.default\">\n\t\t\t\t<div class=\"elementor-widget-container\">\n\t\t\t\t\t\t\t\t\t<p><span style=\"font-size: 18.6667px;\">O Milestone 3, relat\u00f3rio que descreve as tr\u00eas etapas do trabalho de campo do YouNDigital, est\u00e1 dispon\u00edvel <span style=\"text-decoration: underline;\"><a href=\"https:\/\/drive.google.com\/file\/d\/15XwlVcO-68VwnOx1zLcD0lxRTdi3S5YQ\/view?usp=sharing\" target=\"_blank\" rel=\"noopener\"><span style=\"color: #000000; text-decoration: underline; text-decoration-color: #00ff00;\">aqui<\/span><\/a><\/span>.<\/span><\/p><p><span style=\"font-size: 18.6667px;\">O projeto estrutura-se num trabalho de campo aprofundado com diferentes t\u00e9cnicas de recolha de dados: inqu\u00e9rito online (15-24 anos), entrevistas semiestruturadas e di\u00e1rios (15-24 anos), e, por fim, entrevistas e di\u00e1rios com pessoas que influenciam esses mesmos jovens no consumo de not\u00edcias.<br \/><\/span><\/p>\t\t\t\t\t\t\t\t<\/div>\n\t\t\t\t<\/div>\n\t\t\t\t\t<\/div>\n\t\t<\/div>\n\t\t\t\t<div class=\"elementor-column elementor-col-33 elementor-top-column elementor-element elementor-element-90e52a8\" data-id=\"90e52a8\" data-element_type=\"column\">\n\t\t\t<div class=\"elementor-widget-wrap\">\n\t\t\t\t\t\t\t<\/div>\n\t\t<\/div>\n\t\t\t\t\t<\/div>\n\t\t<\/section>\n\t\t\t\t<section class=\"elementor-section elementor-top-section elementor-element elementor-element-9214c58 elementor-section-boxed elementor-section-height-default elementor-section-height-default\" data-id=\"9214c58\" data-element_type=\"section\" data-settings=\"{&quot;_ha_eqh_enable&quot;:false}\">\n\t\t\t\t\t\t<div class=\"elementor-container elementor-column-gap-default\">\n\t\t\t\t\t<div class=\"elementor-column elementor-col-100 elementor-top-column elementor-element elementor-element-01cfcd1\" data-id=\"01cfcd1\" data-element_type=\"column\">\n\t\t\t<div class=\"elementor-widget-wrap elementor-element-populated\">\n\t\t\t\t\t\t<div class=\"elementor-element elementor-element-248cba6 elementor-widget elementor-widget-spacer\" data-id=\"248cba6\" data-element_type=\"widget\" data-widget_type=\"spacer.default\">\n\t\t\t\t<div class=\"elementor-widget-container\">\n\t\t\t\t\t\t\t<div class=\"elementor-spacer\">\n\t\t\t<div class=\"elementor-spacer-inner\"><\/div>\n\t\t<\/div>\n\t\t\t\t\t\t<\/div>\n\t\t\t\t<\/div>\n\t\t\t\t\t<\/div>\n\t\t<\/div>\n\t\t\t\t\t<\/div>\n\t\t<\/section>\n\t\t\t\t<section class=\"elementor-section elementor-top-section elementor-element elementor-element-c68a171 elementor-section-boxed elementor-section-height-default elementor-section-height-default\" data-id=\"c68a171\" data-element_type=\"section\" data-settings=\"{&quot;_ha_eqh_enable&quot;:false}\">\n\t\t\t\t\t\t<div class=\"elementor-container elementor-column-gap-default\">\n\t\t\t\t\t<div class=\"elementor-column elementor-col-33 elementor-top-column elementor-element elementor-element-0a83c69\" data-id=\"0a83c69\" data-element_type=\"column\">\n\t\t\t<div class=\"elementor-widget-wrap elementor-element-populated\">\n\t\t\t\t\t\t<div class=\"elementor-element elementor-element-bfe21e9 elementor-widget elementor-widget-text-editor\" data-id=\"bfe21e9\" data-element_type=\"widget\" data-widget_type=\"text-editor.default\">\n\t\t\t\t<div class=\"elementor-widget-container\">\n\t\t\t\t\t\t\t\t\t<p>\u00c9tica na investiga\u00e7\u00e3o com jovens e media<\/p>\t\t\t\t\t\t\t\t<\/div>\n\t\t\t\t<\/div>\n\t\t\t\t\t<\/div>\n\t\t<\/div>\n\t\t\t\t<div class=\"elementor-column elementor-col-33 elementor-top-column elementor-element elementor-element-d9103c0\" data-id=\"d9103c0\" data-element_type=\"column\">\n\t\t\t<div class=\"elementor-widget-wrap elementor-element-populated\">\n\t\t\t\t\t\t<div class=\"elementor-element elementor-element-68f75f0 elementor-widget elementor-widget-text-editor\" data-id=\"68f75f0\" data-element_type=\"widget\" data-widget_type=\"text-editor.default\">\n\t\t\t\t<div class=\"elementor-widget-container\">\n\t\t\t\t\t\t\t\t\t<p><span style=\"font-size: 14pt;\">O YouNDigital tem como um dos seus objetivos centrais a reflex\u00e3o ativa sobre \u00e9tica na investiga\u00e7\u00e3o com jovens em articula\u00e7\u00e3o com os estudos dos media. Ao longo dos tr\u00eas anos de projeto est\u00e3o previstas v\u00e1rias a\u00e7\u00f5es que permitem a reflex\u00e3o \u00e9tica entre a academia, entidades da sociedade civil e dos pr\u00f3prios jovens.<br \/><\/span><br \/><span style=\"font-size: 14pt;\">O projeto segue o padr\u00e3o portugu\u00eas e europeu de procedimentos e boas pr\u00e1ticas para garantir os direitos de participa\u00e7\u00e3o em investiga\u00e7\u00e3o, seguran\u00e7a, anonimato e a confidencialidade dos dados dos participantes ao longo de todas as etapas de investiga\u00e7\u00e3o.<\/span><\/p><p><span style=\"font-size: 14pt;\">As directrizes \u00e9ticas do YouNDigital foram aprovadas pela Comiss\u00e3o de \u00c9tica do ILIND &#8211; Instituto Lus\u00f3fono de Investiga\u00e7\u00e3o e Desenvolvimento a 21 de Abril de 2022.<\/span><\/p><p><span style=\"font-size: 18.6667px;\">Mais informa\u00e7\u00e3o: <span style=\"text-decoration: underline;\"><a href=\"https:\/\/drive.google.com\/file\/d\/1g3OAHaHuDwmKTpY-4Aug1_-_IKV6m96i\/view\" target=\"_blank\" rel=\"noopener\"><span style=\"color: #000000; text-decoration: underline; text-decoration-color: #00ff00;\">YouNDigital Ethical Guidelines<\/span><\/a><\/span>.<\/span><\/p>\t\t\t\t\t\t\t\t<\/div>\n\t\t\t\t<\/div>\n\t\t\t\t\t<\/div>\n\t\t<\/div>\n\t\t\t\t<div class=\"elementor-column elementor-col-33 elementor-top-column elementor-element elementor-element-fe4e942\" data-id=\"fe4e942\" data-element_type=\"column\">\n\t\t\t<div class=\"elementor-widget-wrap\">\n\t\t\t\t\t\t\t<\/div>\n\t\t<\/div>\n\t\t\t\t\t<\/div>\n\t\t<\/section>\n\t\t\t\t<section class=\"elementor-section elementor-top-section elementor-element elementor-element-eb576e4 elementor-section-boxed elementor-section-height-default elementor-section-height-default\" data-id=\"eb576e4\" data-element_type=\"section\" data-settings=\"{&quot;_ha_eqh_enable&quot;:false}\">\n\t\t\t\t\t\t<div class=\"elementor-container elementor-column-gap-default\">\n\t\t\t\t\t<div class=\"elementor-column elementor-col-100 elementor-top-column elementor-element elementor-element-c4f9a86\" data-id=\"c4f9a86\" data-element_type=\"column\">\n\t\t\t<div class=\"elementor-widget-wrap elementor-element-populated\">\n\t\t\t\t\t\t<div class=\"elementor-element elementor-element-75bd0ac elementor-widget elementor-widget-menu-anchor\" data-id=\"75bd0ac\" data-element_type=\"widget\" data-widget_type=\"menu-anchor.default\">\n\t\t\t\t<div class=\"elementor-widget-container\">\n\t\t\t\t\t\t\t<div class=\"elementor-menu-anchor\" id=\"equipa\"><\/div>\n\t\t\t\t\t\t<\/div>\n\t\t\t\t<\/div>\n\t\t\t\t\t<\/div>\n\t\t<\/div>\n\t\t\t\t\t<\/div>\n\t\t<\/section>\n\t\t\t\t<section class=\"elementor-section elementor-top-section elementor-element elementor-element-dc0edd1 elementor-section-boxed elementor-section-height-default elementor-section-height-default\" data-id=\"dc0edd1\" data-element_type=\"section\" data-settings=\"{&quot;_ha_eqh_enable&quot;:false}\">\n\t\t\t\t\t\t<div class=\"elementor-container elementor-column-gap-default\">\n\t\t\t\t\t<div class=\"elementor-column elementor-col-100 elementor-top-column elementor-element elementor-element-ff8b618\" data-id=\"ff8b618\" data-element_type=\"column\">\n\t\t\t<div class=\"elementor-widget-wrap elementor-element-populated\">\n\t\t\t\t\t\t<div class=\"elementor-element elementor-element-fc7ede7 elementor-widget elementor-widget-spacer\" data-id=\"fc7ede7\" data-element_type=\"widget\" data-widget_type=\"spacer.default\">\n\t\t\t\t<div class=\"elementor-widget-container\">\n\t\t\t\t\t\t\t<div class=\"elementor-spacer\">\n\t\t\t<div class=\"elementor-spacer-inner\"><\/div>\n\t\t<\/div>\n\t\t\t\t\t\t<\/div>\n\t\t\t\t<\/div>\n\t\t\t\t\t<\/div>\n\t\t<\/div>\n\t\t\t\t\t<\/div>\n\t\t<\/section>\n\t\t\t\t<\/div>\n\t\t","protected":false},"excerpt":{"rendered":"<p>Base de dadosde literatura O relat\u00f3rio resultante desta fase encontra-se dispon\u00edvel em portugu\u00eas. The report resulting from this phase is available in english. A base de dados YouNDigital \u00a0inclui artigos, &#8230;<\/p>\n","protected":false},"author":1,"featured_media":0,"parent":0,"menu_order":0,"comment_status":"closed","ping_status":"closed","template":"elementor_header_footer","meta":{"_monsterinsights_skip_tracking":false,"_monsterinsights_sitenote_active":false,"_monsterinsights_sitenote_note":"","_monsterinsights_sitenote_category":0,"footnotes":""},"class_list":["post-1740","page","type-page","status-publish","hentry"],"yoast_head":"<!-- This site is optimized with the Yoast SEO plugin v24.3 - https:\/\/yoast.com\/wordpress\/plugins\/seo\/ -->\n<title>Investiga\u00e7\u00e3o - YouNDigital<\/title>\n<meta name=\"robots\" content=\"index, follow, max-snippet:-1, max-image-preview:large, max-video-preview:-1\" \/>\n<link rel=\"canonical\" href=\"https:\/\/youndigital.com\/index.php\/investigacao\/\" \/>\n<meta property=\"og:locale\" content=\"en_US\" \/>\n<meta property=\"og:type\" content=\"article\" \/>\n<meta property=\"og:title\" content=\"Investiga\u00e7\u00e3o - YouNDigital\" \/>\n<meta property=\"og:description\" content=\"Base de dadosde literatura O relat\u00f3rio resultante desta fase encontra-se dispon\u00edvel em portugu\u00eas. The report resulting from this phase is available in english. A base de dados YouNDigital \u00a0inclui artigos, ...\" \/>\n<meta property=\"og:url\" content=\"https:\/\/youndigital.com\/index.php\/investigacao\/\" \/>\n<meta property=\"og:site_name\" content=\"YouNDigital\" \/>\n<meta property=\"article:modified_time\" content=\"2024-06-28T15:44:37+00:00\" \/>\n<meta name=\"twitter:card\" content=\"summary_large_image\" \/>\n<meta name=\"twitter:label1\" content=\"Est. reading time\" \/>\n\t<meta name=\"twitter:data1\" content=\"2 minutes\" \/>\n<script type=\"application\/ld+json\" class=\"yoast-schema-graph\">{\"@context\":\"https:\/\/schema.org\",\"@graph\":[{\"@type\":\"WebPage\",\"@id\":\"https:\/\/youndigital.com\/index.php\/investigacao\/\",\"url\":\"https:\/\/youndigital.com\/index.php\/investigacao\/\",\"name\":\"Investiga\u00e7\u00e3o - YouNDigital\",\"isPartOf\":{\"@id\":\"https:\/\/youndigital.com\/#website\"},\"datePublished\":\"2023-06-26T14:50:38+00:00\",\"dateModified\":\"2024-06-28T15:44:37+00:00\",\"breadcrumb\":{\"@id\":\"https:\/\/youndigital.com\/index.php\/investigacao\/#breadcrumb\"},\"inLanguage\":\"en\",\"potentialAction\":[{\"@type\":\"ReadAction\",\"target\":[\"https:\/\/youndigital.com\/index.php\/investigacao\/\"]}]},{\"@type\":\"BreadcrumbList\",\"@id\":\"https:\/\/youndigital.com\/index.php\/investigacao\/#breadcrumb\",\"itemListElement\":[{\"@type\":\"ListItem\",\"position\":1,\"name\":\"Home\",\"item\":\"https:\/\/youndigital.com\/\"},{\"@type\":\"ListItem\",\"position\":2,\"name\":\"Investiga\u00e7\u00e3o\"}]},{\"@type\":\"WebSite\",\"@id\":\"https:\/\/youndigital.com\/#website\",\"url\":\"https:\/\/youndigital.com\/\",\"name\":\"YouNDigital\",\"description\":\"Youth, News and Digital Citizenship\",\"publisher\":{\"@id\":\"https:\/\/youndigital.com\/#organization\"},\"potentialAction\":[{\"@type\":\"SearchAction\",\"target\":{\"@type\":\"EntryPoint\",\"urlTemplate\":\"https:\/\/youndigital.com\/?s={search_term_string}\"},\"query-input\":{\"@type\":\"PropertyValueSpecification\",\"valueRequired\":true,\"valueName\":\"search_term_string\"}}],\"inLanguage\":\"en\"},{\"@type\":\"Organization\",\"@id\":\"https:\/\/youndigital.com\/#organization\",\"name\":\"YouNDigital\",\"url\":\"https:\/\/youndigital.com\/\",\"logo\":{\"@type\":\"ImageObject\",\"inLanguage\":\"en\",\"@id\":\"https:\/\/youndigital.com\/#\/schema\/logo\/image\/\",\"url\":\"https:\/\/youndigital.com\/wp-content\/uploads\/2022\/10\/cropped-BrancoVerde_72dpi.png\",\"contentUrl\":\"https:\/\/youndigital.com\/wp-content\/uploads\/2022\/10\/cropped-BrancoVerde_72dpi.png\",\"width\":500,\"height\":84,\"caption\":\"YouNDigital\"},\"image\":{\"@id\":\"https:\/\/youndigital.com\/#\/schema\/logo\/image\/\"}}]}<\/script>\n<!-- \/ Yoast SEO plugin. -->","yoast_head_json":{"title":"Investiga\u00e7\u00e3o - YouNDigital","robots":{"index":"index","follow":"follow","max-snippet":"max-snippet:-1","max-image-preview":"max-image-preview:large","max-video-preview":"max-video-preview:-1"},"canonical":"https:\/\/youndigital.com\/index.php\/investigacao\/","og_locale":"en_US","og_type":"article","og_title":"Investiga\u00e7\u00e3o - YouNDigital","og_description":"Base de dadosde literatura O relat\u00f3rio resultante desta fase encontra-se dispon\u00edvel em portugu\u00eas. The report resulting from this phase is available in english. A base de dados YouNDigital \u00a0inclui artigos, ...","og_url":"https:\/\/youndigital.com\/index.php\/investigacao\/","og_site_name":"YouNDigital","article_modified_time":"2024-06-28T15:44:37+00:00","twitter_card":"summary_large_image","twitter_misc":{"Est. reading time":"2 minutes"},"schema":{"@context":"https:\/\/schema.org","@graph":[{"@type":"WebPage","@id":"https:\/\/youndigital.com\/index.php\/investigacao\/","url":"https:\/\/youndigital.com\/index.php\/investigacao\/","name":"Investiga\u00e7\u00e3o - YouNDigital","isPartOf":{"@id":"https:\/\/youndigital.com\/#website"},"datePublished":"2023-06-26T14:50:38+00:00","dateModified":"2024-06-28T15:44:37+00:00","breadcrumb":{"@id":"https:\/\/youndigital.com\/index.php\/investigacao\/#breadcrumb"},"inLanguage":"en","potentialAction":[{"@type":"ReadAction","target":["https:\/\/youndigital.com\/index.php\/investigacao\/"]}]},{"@type":"BreadcrumbList","@id":"https:\/\/youndigital.com\/index.php\/investigacao\/#breadcrumb","itemListElement":[{"@type":"ListItem","position":1,"name":"Home","item":"https:\/\/youndigital.com\/"},{"@type":"ListItem","position":2,"name":"Investiga\u00e7\u00e3o"}]},{"@type":"WebSite","@id":"https:\/\/youndigital.com\/#website","url":"https:\/\/youndigital.com\/","name":"YouNDigital","description":"Youth, News and Digital Citizenship","publisher":{"@id":"https:\/\/youndigital.com\/#organization"},"potentialAction":[{"@type":"SearchAction","target":{"@type":"EntryPoint","urlTemplate":"https:\/\/youndigital.com\/?s={search_term_string}"},"query-input":{"@type":"PropertyValueSpecification","valueRequired":true,"valueName":"search_term_string"}}],"inLanguage":"en"},{"@type":"Organization","@id":"https:\/\/youndigital.com\/#organization","name":"YouNDigital","url":"https:\/\/youndigital.com\/","logo":{"@type":"ImageObject","inLanguage":"en","@id":"https:\/\/youndigital.com\/#\/schema\/logo\/image\/","url":"https:\/\/youndigital.com\/wp-content\/uploads\/2022\/10\/cropped-BrancoVerde_72dpi.png","contentUrl":"https:\/\/youndigital.com\/wp-content\/uploads\/2022\/10\/cropped-BrancoVerde_72dpi.png","width":500,"height":84,"caption":"YouNDigital"},"image":{"@id":"https:\/\/youndigital.com\/#\/schema\/logo\/image\/"}}]}},"jetpack_sharing_enabled":true,"rttpg_featured_image_url":null,"rttpg_author":{"display_name":"admin","author_link":"https:\/\/youndigital.com\/index.php\/author\/youndigital\/"},"rttpg_comment":0,"rttpg_category":null,"rttpg_excerpt":"Base de dadosde literatura O relat\u00f3rio resultante desta fase encontra-se dispon\u00edvel em portugu\u00eas. The report resulting from this phase is available in english. A base de dados YouNDigital \u00a0inclui artigos, ...","_links":{"self":[{"href":"https:\/\/youndigital.com\/index.php\/wp-json\/wp\/v2\/pages\/1740","targetHints":{"allow":["GET"]}}],"collection":[{"href":"https:\/\/youndigital.com\/index.php\/wp-json\/wp\/v2\/pages"}],"about":[{"href":"https:\/\/youndigital.com\/index.php\/wp-json\/wp\/v2\/types\/page"}],"author":[{"embeddable":true,"href":"https:\/\/youndigital.com\/index.php\/wp-json\/wp\/v2\/users\/1"}],"replies":[{"embeddable":true,"href":"https:\/\/youndigital.com\/index.php\/wp-json\/wp\/v2\/comments?post=1740"}],"version-history":[{"count":236,"href":"https:\/\/youndigital.com\/index.php\/wp-json\/wp\/v2\/pages\/1740\/revisions"}],"predecessor-version":[{"id":3263,"href":"https:\/\/youndigital.com\/index.php\/wp-json\/wp\/v2\/pages\/1740\/revisions\/3263"}],"wp:attachment":[{"href":"https:\/\/youndigital.com\/index.php\/wp-json\/wp\/v2\/media?parent=1740"}],"curies":[{"name":"wp","href":"https:\/\/api.w.org\/{rel}","templated":true}]}}